{"id":17152,"date":"2016-09-06T22:02:01","date_gmt":"2016-09-06T20:02:01","guid":{"rendered":"http:\/\/www.appelloalpopolo.it\/?page_id=17152"},"modified":"2023-11-27T16:06:16","modified_gmt":"2023-11-27T15:06:16","slug":"bacheca-2","status":"publish","type":"page","link":"https:\/\/appelloalpopolo.it\/?page_id=17152","title":{"rendered":"Redazione"},"content":{"rendered":"<p><strong>Bacheca<\/strong>:<br \/>\nresponsabile <strong>Lorenzo D\u2019Onofrio<\/strong><\/p>\n<p><strong>La Rivista<\/strong>:<br \/>\nresponsabile <strong>Marco Trombino<\/strong><\/p>\n<p><strong>Azioni<\/strong>:<br \/>\nresponsabile <strong>Francesco Passarella<\/strong><\/p>\n<p style=\"text-align: justify;\"><strong>Rassegna Stampa*<\/strong>:<br \/>\ncollaboratori <strong>Gianfranco Coppola<\/strong>, <strong>Matteo Di Sabatino<\/strong>, <strong>Giuseppe Granata<\/strong>, <strong>Mohamend Niang<\/strong>, <strong>Renata Pescatori<\/strong>, <strong>Leonardo Zocca<\/strong><\/p>\n<p style=\"text-align: justify;\"><strong>Rassegna Video<\/strong>:<br \/>\nresponsabile <strong>Andrea Franceschelli<\/strong><\/p>\n<p style=\"text-align: justify;\"><strong>Dall\u2019estero**<\/strong>:<br \/>\nresponsabile <strong>Luca Mancini<\/strong><\/p>\n<p style=\"text-align: justify;\"><strong>* **<\/strong> Gli articoli della &#8220;Rassegna Stampa&#8221; possono non riflettere, in tutto o in parte, le posizioni politiche di RI, che sono quelle espresse nell\u2019atto costitutivo e negli altri documenti ufficiali. Essi sono stati scelti dalla redazione, perch\u00e9 reputati interessanti, per il tema, per le informazioni, per le ipotesi avanzate, per alcune osservazioni, per un collegamento, per una intuizione o altro.<\/p>\n<p style=\"text-align: justify;\">Ci\u00f2 \u00e8 ancor pi\u00f9 vero per gli articoli \u201cDall\u2019estero\u201d, che contengono informazioni o valutazioni potenzialmente utili alla formazione dei militanti e dei simpatizzanti: ben potremo pubblicare la sintesi di un documento strategico di un centro studi neocon, senza che ci\u00f2 significhi adesione alla prospettiva, alle valutazioni, all\u2019argomentazione o agli obiettivi!<\/p>\n<p style=\"text-align: justify;\"><strong>Contatti<\/strong>:<br \/>\n<strong><a href=\"mailto:info@riconquistarelitalia.it\">info@riconquistarelitalia.it<\/a><\/strong><\/p>\n","protected":false},"excerpt":{"rendered":"<p>Bacheca: responsabile Lorenzo D\u2019Onofrio La Rivista: responsabile Marco Trombino Azioni: responsabile Francesco Passarella Rassegna Stampa*: collaboratori Gianfranco Coppola, Matteo Di Sabatino, Giuseppe Granata, Mohamend Niang, Renata Pescatori, Leonardo Zocca Rassegna Video: responsabile Andrea Franceschelli Dall\u2019estero**: responsabile Luca Mancini * ** Gli articoli della &#8220;Rassegna Stampa&#8221; possono non riflettere, in tutto o in parte, le posizioni politiche di RI, che sono quelle espresse nell\u2019atto costitutivo e negli altri documenti ufficiali. Essi sono stati scelti dalla redazione,&#46;&#46;&#46;<\/p>\n","protected":false},"author":1,"featured_media":0,"parent":0,"menu_order":0,"comment_status":"closed","ping_status":"closed","template":"","meta":{"jetpack_post_was_ever_published":false,"footnotes":""},"jetpack_sharing_enabled":true,"jetpack_shortlink":"https:\/\/wp.me\/P7ZaJ4-4sE","_links":{"self":[{"href":"https:\/\/appelloalpopolo.it\/index.php?rest_route=\/wp\/v2\/pages\/17152"}],"collection":[{"href":"https:\/\/appelloalpopolo.it\/index.php?rest_route=\/wp\/v2\/pages"}],"about":[{"href":"https:\/\/appelloalpopolo.it\/index.php?rest_route=\/wp\/v2\/types\/page"}],"author":[{"embeddable":true,"href":"https:\/\/appelloalpopolo.it\/index.php?rest_route=\/wp\/v2\/users\/1"}],"replies":[{"embeddable":true,"href":"https:\/\/appelloalpopolo.it\/index.php?rest_route=%2Fwp%2Fv2%2Fcomments&post=17152"}],"version-history":[{"count":19,"href":"https:\/\/appelloalpopolo.it\/index.php?rest_route=\/wp\/v2\/pages\/17152\/revisions"}],"predecessor-version":[{"id":82704,"href":"https:\/\/appelloalpopolo.it\/index.php?rest_route=\/wp\/v2\/pages\/17152\/revisions\/82704"}],"wp:attachment":[{"href":"https:\/\/appelloalpopolo.it\/index.php?rest_route=%2Fwp%2Fv2%2Fmedia&parent=17152"}],"curies":[{"name":"wp","href":"https:\/\/api.w.org\/{rel}","templated":true}]}}